{"id":77,"date":"2019-12-06T13:13:09","date_gmt":"2019-12-06T16:13:09","guid":{"rendered":"http:\/\/www.inesp.edu.br\/revista\/?page_id=77"},"modified":"2026-04-07T02:46:01","modified_gmt":"2026-04-07T05:46:01","slug":"pagina-inicial","status":"publish","type":"page","link":"https:\/\/www.inesp.edu.br\/revista\/","title":{"rendered":"Pagina Inicial"},"content":{"rendered":"\t\t<div data-elementor-type=\"wp-page\" data-elementor-id=\"77\" class=\"elementor elementor-77\" data-elementor-settings=\"[]\">\r\n\t\t\t\t\t\t<div class=\"elementor-inner\">\r\n\t\t\t\t\t\t\t<div class=\"elementor-section-wrap\">\r\n\t\t\t\t\t\t\t<section class=\"elementor-section elementor-top-section elementor-element elementor-element-24ce90f elementor-section-boxed elementor-section-height-default elementor-section-height-default\" data-id=\"24ce90f\" data-element_type=\"section\" data-settings=\"{&quot;background_background&quot;:&quot;classic&quot;}\">\r\n\t\t\t\t\t\t<div class=\"elementor-container elementor-column-gap-default\">\r\n\t\t\t\t\t\t\t<div class=\"elementor-row\">\r\n\t\t\t\t\t<div class=\"elementor-column elementor-col-50 elementor-top-column elementor-element elementor-element-f6afe29\" data-id=\"f6afe29\" data-element_type=\"column\">\r\n\t\t\t<div class=\"elementor-column-wrap elementor-element-populated\">\r\n\t\t\t\t\t\t\t<div class=\"elementor-widget-wrap\">\r\n\t\t\t\t\t\t<div class=\"elementor-element elementor-element-34e95d9 elementor-widget elementor-widget-heading\" data-id=\"34e95d9\" data-element_type=\"widget\" data-widget_type=\"heading.default\">\r\n\t\t\t\t<div class=\"elementor-widget-container\">\r\n\t\t\t<h2 class=\"elementor-heading-title elementor-size-default\">Sejam bem vindos(as)!<\/h2>\t\t<\/div>\r\n\t\t\t\t<\/div>\r\n\t\t\t\t<div class=\"elementor-element elementor-element-1593443 elementor-widget elementor-widget-text-editor\" data-id=\"1593443\" data-element_type=\"widget\" data-widget_type=\"text-editor.default\">\r\n\t\t\t\t<div class=\"elementor-widget-container\">\r\n\t\t\t\t\t<div class=\"elementor-text-editor elementor-clearfix\"><div>\n<p><span style=\"font-size: 16px;\">A Revista Acad\u00eamica Interdisciplinar INESP fomenta o debate de diferentes \u00e1reas em prol do constructo do conhecimento, por meio da publica\u00e7\u00e3o de textos acad\u00eamicos e cient\u00edficos, permitindo reflex\u00f5es a partir da produ\u00e7\u00e3o e da intera\u00e7\u00e3o sob diferentes perspectivas, promovendo a interdisciplinaridade entre os diversos ramos cient\u00edficos, profissionais e acad\u00eamicos. <\/span><span style=\"font-size: 16px;\">Esse ve\u00edculo de comunica\u00e7\u00e3o foi idealizado por um grupo de professores, e destina-se a publica\u00e7\u00f5es de professores, alunos, pesquisadores e profissionais que pretendam tornar acess\u00edveis os conte\u00fados de suas produ\u00e7\u00f5es acad\u00eamicas ou profissionais e os resultados de suas pesquisas.<\/span><\/p>\n<\/div><\/div>\r\n\t\t\t\t<\/div>\r\n\t\t\t\t<\/div>\r\n\t\t\t\t<div class=\"elementor-element elementor-element-4de62a4 elementor-widget elementor-widget-button\" data-id=\"4de62a4\" data-element_type=\"widget\" data-widget_type=\"button.default\">\r\n\t\t\t\t<div class=\"elementor-widget-container\">\r\n\t\t\t\t\t<div class=\"elementor-button-wrapper\">\r\n\t\t\t<a href=\"https:\/\/www.inesp.edu.br\/revista\/categoria\/revistas\/\" class=\"elementor-button-link elementor-button elementor-size-sm elementor-animation-grow\" role=\"button\">\r\n\t\t\t\t\t\t<span class=\"elementor-button-content-wrapper\">\r\n\t\t\t\t\t\t<span class=\"elementor-button-text\">Clique aqui e saiba mais<\/span>\r\n\t\t<\/span>\r\n\t\t\t\t\t<\/a>\r\n\t\t<\/div>\r\n\t\t\t\t<\/div>\r\n\t\t\t\t<\/div>\r\n\t\t\t\t\t\t<\/div>\r\n\t\t\t\t\t<\/div>\r\n\t\t<\/div>\r\n\t\t\t\t<div class=\"elementor-column elementor-col-50 elementor-top-column elementor-element elementor-element-78451b3\" data-id=\"78451b3\" data-element_type=\"column\">\r\n\t\t\t<div class=\"elementor-column-wrap elementor-element-populated\">\r\n\t\t\t\t\t\t\t<div class=\"elementor-widget-wrap\">\r\n\t\t\t\t\t\t<div class=\"elementor-element elementor-element-9b3816d elementor-widget elementor-widget-image\" data-id=\"9b3816d\" data-element_type=\"widget\" data-widget_type=\"image.default\">\r\n\t\t\t\t<div class=\"elementor-widget-container\">\r\n\t\t\t\t\t<div class=\"elementor-image\">\r\n\t\t\t\t\t\t\t<figure class=\"wp-caption\">\r\n\t\t\t\t\t\t\t\t\t\t\t<a href=\"https:\/\/www.inesp.edu.br\/revista\/wp-content\/uploads\/2026\/04\/10o-Edicao-da-revista-Interdisciplinar-INESP.pdf\">\r\n\t\t\t\t\t\t\t<img loading=\"lazy\" decoding=\"async\" width=\"724\" height=\"556\" src=\"https:\/\/www.inesp.edu.br\/revista\/wp-content\/uploads\/2021\/04\/posttt.jpg\" class=\"attachment-large size-large\" alt=\"Revista Acad\u00eamica Interdisciplinar INESP\" srcset=\"https:\/\/www.inesp.edu.br\/revista\/wp-content\/uploads\/2021\/04\/posttt.jpg 724w, https:\/\/www.inesp.edu.br\/revista\/wp-content\/uploads\/2021\/04\/posttt-300x230.jpg 300w\" sizes=\"(max-width: 724px) 100vw, 724px\" \/>\t\t\t\t\t\t\t\t<\/a>\r\n\t\t\t\t\t\t\t\t\t\t\t<figcaption class=\"widget-image-caption wp-caption-text\">10\u00ba Edi\u00e7\u00e3o da Revista Acad\u00eamica<\/figcaption>\r\n\t\t\t\t\t\t\t\t\t\t<\/figure>\r\n\t\t\t\t\t<\/div>\r\n\t\t\t\t<\/div>\r\n\t\t\t\t<\/div>\r\n\t\t\t\t\t\t<\/div>\r\n\t\t\t\t\t<\/div>\r\n\t\t<\/div>\r\n\t\t\t\t\t\t\t\t<\/div>\r\n\t\t\t\t\t<\/div>\r\n\t\t<\/section>\r\n\t\t\t\t<section class=\"elementor-section elementor-top-section elementor-element elementor-element-abd9bb5 elementor-section-boxed elementor-section-height-default elementor-section-height-default elementor-invisible\" data-id=\"abd9bb5\" data-element_type=\"section\" data-settings=\"{&quot;animation&quot;:&quot;fadeInLeft&quot;}\">\r\n\t\t\t\t\t\t<div class=\"elementor-container elementor-column-gap-default\">\r\n\t\t\t\t\t\t\t<div class=\"elementor-row\">\r\n\t\t\t\t\t<div class=\"elementor-column elementor-col-100 elementor-top-column elementor-element elementor-element-64a13ba\" data-id=\"64a13ba\" data-element_type=\"column\">\r\n\t\t\t<div class=\"elementor-column-wrap elementor-element-populated\">\r\n\t\t\t\t\t\t\t<div class=\"elementor-widget-wrap\">\r\n\t\t\t\t\t\t<div class=\"elementor-element elementor-element-484e010 elementor-widget elementor-widget-heading\" data-id=\"484e010\" data-element_type=\"widget\" data-widget_type=\"heading.default\">\r\n\t\t\t\t<div class=\"elementor-widget-container\">\r\n\t\t\t<h2 class=\"elementor-heading-title elementor-size-default\">Edi\u00e7\u00f5es Anteriores<\/h2>\t\t<\/div>\r\n\t\t\t\t<\/div>\r\n\t\t\t\t\t\t<\/div>\r\n\t\t\t\t\t<\/div>\r\n\t\t<\/div>\r\n\t\t\t\t\t\t\t\t<\/div>\r\n\t\t\t\t\t<\/div>\r\n\t\t<\/section>\r\n\t\t\t\t<section class=\"elementor-section elementor-top-section elementor-element elementor-element-899623c elementor-section-boxed elementor-section-height-default elementor-section-height-default\" data-id=\"899623c\" data-element_type=\"section\">\r\n\t\t\t\t\t\t<div class=\"elementor-container elementor-column-gap-default\">\r\n\t\t\t\t\t\t\t<div class=\"elementor-row\">\r\n\t\t\t\t\t<div class=\"elementor-column elementor-col-100 elementor-top-column elementor-element elementor-element-b958215\" data-id=\"b958215\" data-element_type=\"column\">\r\n\t\t\t<div class=\"elementor-column-wrap elementor-element-populated\">\r\n\t\t\t\t\t\t\t<div class=\"elementor-widget-wrap\">\r\n\t\t\t\t\t\t<div class=\"elementor-element elementor-element-81a9a21 elementor-grid-3 elementor-grid-tablet-2 elementor-grid-mobile-1 elementor-widget elementor-widget-portfolio\" data-id=\"81a9a21\" data-element_type=\"widget\" data-settings=\"{&quot;masonry&quot;:&quot;yes&quot;,&quot;columns&quot;:&quot;3&quot;,&quot;columns_tablet&quot;:&quot;2&quot;,&quot;columns_mobile&quot;:&quot;1&quot;,&quot;item_gap&quot;:{&quot;unit&quot;:&quot;px&quot;,&quot;size&quot;:&quot;&quot;,&quot;sizes&quot;:[]},&quot;row_gap&quot;:{&quot;unit&quot;:&quot;px&quot;,&quot;size&quot;:&quot;&quot;,&quot;sizes&quot;:[]}}\" data-widget_type=\"portfolio.default\">\r\n\t\t\t\t<div class=\"elementor-widget-container\">\r\n\t\t\t\t\t<div class=\"elementor-portfolio elementor-grid elementor-posts-container\">\r\n\t\t\t\t<article class=\"elementor-portfolio-item elementor-post  post-1664 post type-post status-publish format-standard has-post-thumbnail hentry category-revistas\">\r\n\t\t\t<a class=\"elementor-post__thumbnail__link\" href=\"https:\/\/www.inesp.edu.br\/revista\/1664-2\/\">\r\n\t\t\t\t<div class=\"elementor-portfolio-item__img elementor-post__thumbnail\">\r\n\t\t\t<img loading=\"lazy\" decoding=\"async\" width=\"300\" height=\"230\" src=\"https:\/\/www.inesp.edu.br\/revista\/wp-content\/uploads\/2021\/04\/posttt-300x230.jpg\" class=\"attachment-medium size-medium\" alt=\"Revista Acad\u00eamica Interdisciplinar INESP\" srcset=\"https:\/\/www.inesp.edu.br\/revista\/wp-content\/uploads\/2021\/04\/posttt-300x230.jpg 300w, https:\/\/www.inesp.edu.br\/revista\/wp-content\/uploads\/2021\/04\/posttt.jpg 724w\" sizes=\"(max-width: 300px) 100vw, 300px\" \/>\t\t<\/div>\r\n\t\t\t\t<div class=\"elementor-portfolio-item__overlay\">\r\n\t\t\t\t<h3 class=\"elementor-portfolio-item__title\">\r\n\t\t9\u00ba Edi\u00e7\u00e3o Revista INESP\t\t<\/h3>\r\n\t\t\t\t<\/div>\r\n\t\t\t\t<\/a>\r\n\t\t<\/article>\r\n\t\t\t\t<article class=\"elementor-portfolio-item elementor-post  post-1629 post type-post status-publish format-standard has-post-thumbnail hentry category-revistas\">\r\n\t\t\t<a class=\"elementor-post__thumbnail__link\" href=\"https:\/\/www.inesp.edu.br\/revista\/8a-edicao-revista-inesp\/\">\r\n\t\t\t\t<div class=\"elementor-portfolio-item__img elementor-post__thumbnail\">\r\n\t\t\t<img loading=\"lazy\" decoding=\"async\" width=\"300\" height=\"230\" src=\"https:\/\/www.inesp.edu.br\/revista\/wp-content\/uploads\/2021\/04\/posttt-300x230.jpg\" class=\"attachment-medium size-medium\" alt=\"Revista Acad\u00eamica Interdisciplinar INESP\" srcset=\"https:\/\/www.inesp.edu.br\/revista\/wp-content\/uploads\/2021\/04\/posttt-300x230.jpg 300w, https:\/\/www.inesp.edu.br\/revista\/wp-content\/uploads\/2021\/04\/posttt.jpg 724w\" sizes=\"(max-width: 300px) 100vw, 300px\" \/>\t\t<\/div>\r\n\t\t\t\t<div class=\"elementor-portfolio-item__overlay\">\r\n\t\t\t\t<h3 class=\"elementor-portfolio-item__title\">\r\n\t\t8\u00aa Edi\u00e7\u00e3o Revista INESP\t\t<\/h3>\r\n\t\t\t\t<\/div>\r\n\t\t\t\t<\/a>\r\n\t\t<\/article>\r\n\t\t\t\t<article class=\"elementor-portfolio-item elementor-post  post-1608 post type-post status-publish format-standard has-post-thumbnail hentry category-revistas\">\r\n\t\t\t<a class=\"elementor-post__thumbnail__link\" href=\"https:\/\/www.inesp.edu.br\/revista\/7a-edicao-revista-inesp\/\">\r\n\t\t\t\t<div class=\"elementor-portfolio-item__img elementor-post__thumbnail\">\r\n\t\t\t<img loading=\"lazy\" decoding=\"async\" width=\"300\" height=\"230\" src=\"https:\/\/www.inesp.edu.br\/revista\/wp-content\/uploads\/2021\/04\/posttt-300x230.jpg\" class=\"attachment-medium size-medium\" alt=\"Revista Acad\u00eamica Interdisciplinar INESP\" srcset=\"https:\/\/www.inesp.edu.br\/revista\/wp-content\/uploads\/2021\/04\/posttt-300x230.jpg 300w, https:\/\/www.inesp.edu.br\/revista\/wp-content\/uploads\/2021\/04\/posttt.jpg 724w\" sizes=\"(max-width: 300px) 100vw, 300px\" \/>\t\t<\/div>\r\n\t\t\t\t<div class=\"elementor-portfolio-item__overlay\">\r\n\t\t\t\t<h3 class=\"elementor-portfolio-item__title\">\r\n\t\t7\u00aa Edi\u00e7\u00e3o Revista INESP\t\t<\/h3>\r\n\t\t\t\t<\/div>\r\n\t\t\t\t<\/a>\r\n\t\t<\/article>\r\n\t\t\t\t<\/div>\r\n\t\t\t\t<\/div>\r\n\t\t\t\t<\/div>\r\n\t\t\t\t\t\t<\/div>\r\n\t\t\t\t\t<\/div>\r\n\t\t<\/div>\r\n\t\t\t\t\t\t\t\t<\/div>\r\n\t\t\t\t\t<\/div>\r\n\t\t<\/section>\r\n\t\t\t\t<section class=\"elementor-section elementor-top-section elementor-element elementor-element-ffa6fdb elementor-section-boxed elementor-section-height-default elementor-section-height-default\" data-id=\"ffa6fdb\" data-element_type=\"section\">\r\n\t\t\t\t\t\t<div class=\"elementor-container elementor-column-gap-default\">\r\n\t\t\t\t\t\t\t<div class=\"elementor-row\">\r\n\t\t\t\t\t<div class=\"elementor-column elementor-col-100 elementor-top-column elementor-element elementor-element-cd7a09b\" data-id=\"cd7a09b\" data-element_type=\"column\">\r\n\t\t\t<div class=\"elementor-column-wrap elementor-element-populated\">\r\n\t\t\t\t\t\t\t<div class=\"elementor-widget-wrap\">\r\n\t\t\t\t\t\t<div class=\"elementor-element elementor-element-83b0cd6 elementor-align-center elementor-widget elementor-widget-button\" data-id=\"83b0cd6\" data-element_type=\"widget\" data-widget_type=\"button.default\">\r\n\t\t\t\t<div class=\"elementor-widget-container\">\r\n\t\t\t\t\t<div class=\"elementor-button-wrapper\">\r\n\t\t\t<a href=\"https:\/\/www.inesp.edu.br\/revista\/categoria\/revistas\/\" class=\"elementor-button-link elementor-button elementor-size-xl elementor-animation-grow\" role=\"button\">\r\n\t\t\t\t\t\t<span class=\"elementor-button-content-wrapper\">\r\n\t\t\t\t\t\t<span class=\"elementor-button-text\">Veja todas as edi\u00e7\u00f5es  anteriores<\/span>\r\n\t\t<\/span>\r\n\t\t\t\t\t<\/a>\r\n\t\t<\/div>\r\n\t\t\t\t<\/div>\r\n\t\t\t\t<\/div>\r\n\t\t\t\t\t\t<\/div>\r\n\t\t\t\t\t<\/div>\r\n\t\t<\/div>\r\n\t\t\t\t\t\t\t\t<\/div>\r\n\t\t\t\t\t<\/div>\r\n\t\t<\/section>\r\n\t\t\t\t<section class=\"elementor-section elementor-top-section elementor-element elementor-element-ad051c3 elementor-section-boxed elementor-section-height-default elementor-section-height-default\" data-id=\"ad051c3\" data-element_type=\"section\">\r\n\t\t\t\t\t\t<div class=\"elementor-container elementor-column-gap-default\">\r\n\t\t\t\t\t\t\t<div class=\"elementor-row\">\r\n\t\t\t\t\t<div class=\"elementor-column elementor-col-100 elementor-top-column elementor-element elementor-element-f259663\" data-id=\"f259663\" data-element_type=\"column\">\r\n\t\t\t<div class=\"elementor-column-wrap elementor-element-populated\">\r\n\t\t\t\t\t\t\t<div class=\"elementor-widget-wrap\">\r\n\t\t\t\t\t\t<div class=\"elementor-element elementor-element-3e6acd5 elementor-widget elementor-widget-heading\" data-id=\"3e6acd5\" data-element_type=\"widget\" data-widget_type=\"heading.default\">\r\n\t\t\t\t<div class=\"elementor-widget-container\">\r\n\t\t\t<h2 class=\"elementor-heading-title elementor-size-default\">Sobre a Revista Acad\u00eamica Interdisciplinar INESP<\/h2>\t\t<\/div>\r\n\t\t\t\t<\/div>\r\n\t\t\t\t<div class=\"elementor-element elementor-element-e42bb7f elementor-widget elementor-widget-text-editor\" data-id=\"e42bb7f\" data-element_type=\"widget\" data-widget_type=\"text-editor.default\">\r\n\t\t\t\t<div class=\"elementor-widget-container\">\r\n\t\t\t\t\t<div class=\"elementor-text-editor elementor-clearfix\"><p>A <span style=\"font-size: 16px;\">Revista Acad\u00eamica Interdisciplinar INESP <\/span>\u00e9 um canal de comunica\u00e7\u00e3o on-line, que tem como objetivos: construir um espa\u00e7o democr\u00e1tico dial\u00f3gico, onde os docentes, os discentes, os pesquisadores e os profissionais, de diversas \u00e1reas de conhecimento, divulgar textos acad\u00eamicos, profissionais e cient\u00edficos; compartilhar os diversos saberes e disseminar o conhecimento; e estabelecer o interc\u00e2mbio com a comunidade por meio da produ\u00e7\u00e3o acad\u00eamica, profissional e cient\u00edfica.<\/p><p>Na busca de fazer cumprir esses compromissos, a Revista Acad\u00eamica Interdisciplinar INESP, \u00e9 um peri\u00f3dico de acesso livre e gratuito, publicado semestralmente em portugu\u00eas, pela Faculdade INESP, e sua vers\u00e3o eletr\u00f4nica encontra-se dispon\u00edvel no s\u00edtio da internet <a href=\"https:\/\/www.inesp.edu.br\/revista\/\">www.inesp.edu.br\/revista<\/a><\/p><p>A est\u00e1 devidamente registrada junto ao Instituto Brasileiro de Informa\u00e7\u00e3o em Ci\u00eancia e Tecnologia \u2013 IBICT \u2013 \u00d3rg\u00e3o vinculado ao Minist\u00e9rio da Ci\u00eancia e Tecnologia com o ISSN \u00a02763-6542. Assim, todas as publica\u00e7\u00f5es encaminhadas &#8211; e aceitas pelo conselho editorial para publica\u00e7\u00e3o &#8211; podem ser informadas nos respectivos curr\u00edculos de seus autores com o c\u00f3digo ISSN 2763-6542.<\/p><\/div>\r\n\t\t\t\t<\/div>\r\n\t\t\t\t<\/div>\r\n\t\t\t\t\t\t<\/div>\r\n\t\t\t\t\t<\/div>\r\n\t\t<\/div>\r\n\t\t\t\t\t\t\t\t<\/div>\r\n\t\t\t\t\t<\/div>\r\n\t\t<\/section>\r\n\t\t\t\t\t\t<\/div>\r\n\t\t\t\t\t\t<\/div>\r\n\t\t\t\t\t<\/div>\r\n\t\t","protected":false},"excerpt":{"rendered":"<p>Sejam bem vindos(as)! A Revista Acad\u00eamica Interdisciplinar INESP fomenta o debate de diferentes \u00e1reas em prol do constructo do conhecimento, por meio da publica\u00e7\u00e3o de textos acad\u00eamicos e cient\u00edficos, permitindo reflex\u00f5es a partir da produ\u00e7\u00e3o e da intera\u00e7\u00e3o sob diferentes perspectivas, promovendo a interdisciplinaridade entre os diversos ramos cient\u00edficos, profissionais e acad\u00eamicos. Esse ve\u00edculo de &hellip;<\/p>\n<p class=\"read-more\"> <a class=\"\" href=\"https:\/\/www.inesp.edu.br\/revista\/7a-edicao-revista-inesp\/\"> <span class=\"screen-reader-text\">7\u00aa Edi\u00e7\u00e3o Revista INESP<\/span> Leia mais &raquo;<\/a><\/p>\n","protected":false},"author":1,"featured_media":0,"parent":0,"menu_order":0,"comment_status":"closed","ping_status":"closed","template":"elementor_header_footer","meta":{"site-sidebar-layout":"default","site-content-layout":"default","ast-global-header-display":"","ast-main-header-display":"","ast-hfb-above-header-display":"","ast-hfb-below-header-display":"","ast-hfb-mobile-header-display":"","site-post-title":"","ast-breadcrumbs-content":"","ast-featured-img":"","footer-sml-layout":"","theme-transparent-header-meta":"","adv-header-id-meta":"","stick-header-meta":"","header-above-stick-meta":"","header-main-stick-meta":"","header-below-stick-meta":"","footnotes":""},"_links":{"self":[{"href":"https:\/\/www.inesp.edu.br\/revista\/wp-json\/wp\/v2\/pages\/77"}],"collection":[{"href":"https:\/\/www.inesp.edu.br\/revista\/wp-json\/wp\/v2\/pages"}],"about":[{"href":"https:\/\/www.inesp.edu.br\/revista\/wp-json\/wp\/v2\/types\/page"}],"author":[{"embeddable":true,"href":"https:\/\/www.inesp.edu.br\/revista\/wp-json\/wp\/v2\/users\/1"}],"replies":[{"embeddable":true,"href":"https:\/\/www.inesp.edu.br\/revista\/wp-json\/wp\/v2\/comments?post=77"}],"version-history":[{"count":100,"href":"https:\/\/www.inesp.edu.br\/revista\/wp-json\/wp\/v2\/pages\/77\/revisions"}],"predecessor-version":[{"id":1704,"href":"https:\/\/www.inesp.edu.br\/revista\/wp-json\/wp\/v2\/pages\/77\/revisions\/1704"}],"wp:attachment":[{"href":"https:\/\/www.inesp.edu.br\/revista\/wp-json\/wp\/v2\/media?parent=77"}],"curies":[{"name":"wp","href":"https:\/\/api.w.org\/{rel}","templated":true}]}}