{"id":1279,"date":"2021-04-01T09:56:01","date_gmt":"2021-04-01T12:56:01","guid":{"rendered":"http:\/\/www.inesp.edu.br\/revista\/?page_id=1279"},"modified":"2021-04-27T13:20:49","modified_gmt":"2021-04-27T16:20:49","slug":"orientacoes-aos-autores","status":"publish","type":"page","link":"https:\/\/www.inesp.edu.br\/revista\/orientacoes-aos-autores\/","title":{"rendered":"Orienta\u00e7\u00f5es aos autores"},"content":{"rendered":"<h4><span style=\"color: #333333;\"><strong><span style=\"font-size: 14pt;\">Revista\u00a0Acad\u00eamica Interdisciplinar INESP: Instru\u00e7\u00f5es para o(s) autor(es)<\/span><\/strong><\/span><\/h4>\n<p>&nbsp;<\/p>\n<p><span style=\"color: #333333;\">A Revista Acad\u00eamica Interdisciplinar INESP \u00e9 um espa\u00e7o para publica\u00e7\u00e3o de artigos t\u00e9cnicos e\/ou cient\u00edficos, entrevistas e resenhas de diversas \u00e1reas. Ser\u00e3o aceitas produ\u00e7\u00f5es\u00a0in\u00e9ditas de profissionais, pesquisadores, docentes e discentes do ensino superior (gradua\u00e7\u00e3o e p\u00f3s-gradua\u00e7\u00e3o) pertencentes, ou n\u00e3o, \u00e0 Faculdade INESP.\u00a0<strong>Os manuscritos ser\u00e3o aceitos no idioma portugu\u00eas<\/strong><strong>.<\/strong><\/span><\/p>\n<h4><span style=\"color: #333333;\"><strong><span style=\"font-size: 14pt;\">I. Normas editoriais<\/span><\/strong><\/span><\/h4>\n<p><span style=\"color: #333333;\"><span class=\"v1v1highlight-style-1\">1.<\/span>\u00a0Sele\u00e7\u00e3o de material: o manuscrito ser\u00e1 avaliado quanto \u00e0 relev\u00e2ncia do tema e \u00e0 qualidade da metodologia cient\u00edfica, al\u00e9m da adequa\u00e7\u00e3o \u00e0s normas editoriais adotadas pela Revista Acad\u00eamica Interdisciplinar INESP.<\/span><\/p>\n<p><span style=\"color: #333333;\"><span class=\"v1v1highlight-style-1\">2.<\/span>\u00a0Ineditismo do material: o conte\u00fado do material enviado para publica\u00e7\u00e3o n\u00e3o pode ter sido publicado anteriormente em outros peri\u00f3dicos.<\/span><\/p>\n<p><span style=\"color: #333333;\"><span class=\"v1v1highlight-style-1\">3<\/span>. Revis\u00e3o por pareceristas: os trabalhos enviados ser\u00e3o apreciados pelo Conselho Editorial, que poder\u00e1 fazer uso de Consultores ad hoc, a seu crit\u00e9rio. Os pareceres dos consultores comportam apenas tr\u00eas possibilidades: a) aceita\u00e7\u00e3o; b) aceita\u00e7\u00e3o com reformula\u00e7\u00e3o; c) recusa.<\/span><\/p>\n<p><span style=\"color: #333333;\"><span class=\"v1v1highlight-style-1\">4.<\/span>\u00a0Direitos autorais: os direitos autorais dos artigos publicados pertencem \u00e0\u00a0<strong>Faculdade INESP<\/strong><strong>.<\/strong>\u00a0A INESP n\u00e3o remunera direitos autorais.<\/span><\/p>\n<p><span style=\"color: #333333;\"><span class=\"v1v1highlight-style-1\">5.<\/span>\u00a0Os originais dos materiais submetidos ser\u00e3o considerados definitivos.<\/span><\/p>\n<p><span style=\"color: #333333;\"><span class=\"v1v1highlight-style-1\">6.<\/span>\u00a0Conceitos e id\u00e9ias contidos nos trabalhos ser\u00e3o de exclusiva e total responsabilidade de seus autores.<\/span><\/p>\n<p><span style=\"color: #333333;\"><span class=\"v1v1highlight-style-1\">7.<\/span>\u00a0Os trabalhos ser\u00e3o aceitos em l\u00edngua portuguesa.<\/span><\/p>\n<h4><span style=\"color: #333333;\"><strong><span style=\"font-size: 14pt;\">II. Submiss\u00e3o de material<\/span><\/strong><\/span><\/h4>\n<p>&nbsp;<\/p>\n<ol type=\"1\">\n<li><span style=\"color: #333333;\">Enviar \u00e0 Comiss\u00e3o Editorial da Revista, utilizando o e-mail:revista.academica@inesp.edu.br, a solicita\u00e7\u00e3o para publica\u00e7\u00e3o do trabalho do autor, ou dos autores, explicitando a inten\u00e7\u00e3o de submiss\u00e3o ou ressubmiss\u00e3o do trabalho \u00e0 publica\u00e7\u00e3o, j\u00e1 no campo &#8220;assunto&#8221; do e-mail.<\/span><\/li>\n<li><span style=\"color: #333333;\">Os manuscritos quando de autoria m\u00faltipla ser\u00e3o aceitos at\u00e9 no m\u00e1ximo quatro coautores.<\/span><\/li>\n<li><span style=\"color: #333333;\">Os materiais aceitos e aprovados at\u00e9 a data de 30\/6 ser\u00e3o publicados no primeiro semestre seguinte do mesmo ano e\u00a0aqueles aceitos e aprovados daquela data at\u00e9 30\/11 ser\u00e3o publicados no primeiro semestre do pr\u00f3ximo ano.<\/span><\/li>\n<\/ol>\n<h4><span style=\"color: #333333;\"><strong><span style=\"font-size: 14pt;\">III. Se\u00e7\u00f5es da revista,<\/span><\/strong><\/span><\/h4>\n<p>&nbsp;<\/p>\n<p><span style=\"color: #333333;\">1.Artigo Original (limite de 20 laudas): parte de uma publica\u00e7\u00e3o que apresenta temas ou abordagens originais.<\/span><\/p>\n<p><span style=\"color: #333333;\">2.Artigo de Revis\u00e3o (limite de 20 laudas):parte de uma publica\u00e7\u00e3o que resume, analisa e discute informa\u00e7\u00f5es j\u00e1 publicadas.<\/span><\/p>\n<p><span style=\"color: #333333;\"><span class=\"v1v1highlight-style-1\">3.<\/span>\u00a0Entrevistas (limite de 10 laudas): vista e confer\u00eancia entre duas ou mais pessoas para obten\u00e7\u00e3o de declara\u00e7\u00f5es de interesse acad\u00eamico.<\/span><\/p>\n<p><span style=\"color: #333333;\"><span class=\"v1v1highlight-style-1\">4.<\/span>\u00a0Resenhas (limite de 10 laudas): revis\u00e3o cr\u00edtica de obra rec\u00e9m-publicada.<\/span><\/p>\n<h4><span style=\"color: #333333;\"><strong><span style=\"font-size: 14pt;\">IV. Apresenta\u00e7\u00e3o do material para publica\u00e7\u00e3o<\/span><\/strong><\/span><\/h4>\n<p><span style=\"color: #333333;\"><strong>Informa\u00e7\u00f5es Gerais<\/strong><\/span><\/p>\n<ol type=\"1\">\n<li><span style=\"color: #333333;\">Utiliza-se para a Revista Acad\u00eamica Interdisciplinar INESP a Norma Brasileira ABNT NBR 6022:2018, que trata de artigo em publica\u00e7\u00e3o peri\u00f3dica t\u00e9cnica e\/ou cient\u00edfica.<\/span><\/li>\n<li><span style=\"color: #333333;\">Os manuscritos dever\u00e3o ser digitados utilizando processador de texto Microsoft Word, em espa\u00e7o 1,5 (incluindo tabelas e refer\u00eancias) em fonte tipo times new roman, tamanho 12. O trabalho dever\u00e1 ser paginado desde a folha com o t\u00edtulo, que receber\u00e1 n\u00famero de p\u00e1gina 1, em cima a direita. O t\u00edtulo deve estar em mai\u00fasculo e em negrito e os subt\u00edtulos com letra min\u00fascula, tamb\u00e9m em negrito.<\/span><\/li>\n<li><span style=\"color: #333333;\">Dever\u00e1 ser apresentado um mini curr\u00edculo do(s) , com um texto de at\u00e9 dois par\u00e1grafos para cada autor.<\/span><\/li>\n<li><span style=\"color: #333333;\">Todos os trabalhos submetidos para publica\u00e7\u00e3o dever\u00e3o apresentar um resumo de seu conte\u00fado limitado ao m\u00e1ximo de 300 palavras. Dever\u00e1 ser mencionado, abaixo do resumo, de tr\u00eas a cinco palavras-chaves.<\/span><\/li>\n<\/ol>\n<p><span style=\"color: #333333;\"><strong>Elementos Pr\u00e9-Textuais<\/strong><\/span><\/p>\n<p><span style=\"color: #333333;\">Os elementos pr\u00e9-textuais antecedem o texto com informa\u00e7\u00f5es que ajudam na sua identifica\u00e7\u00e3o e utiliza\u00e7\u00e3o. Todos os elementos pr\u00e9-textuais abaixo s\u00e3o obrigat\u00f3rios.<\/span><\/p>\n<p><span style=\"color: #333333;\">a) o t\u00edtulo e subt\u00edtulo (se houver) devem figurar na p\u00e1gina de abertura do artigo. O t\u00edtulo deve ser conciso, claro, criativo e informativo.<\/span><\/p>\n<p><span style=\"color: #333333;\">b) a autoria: nome completo do(s) autor(es) na forma direta.<\/span><\/p>\n<p><span style=\"color: #333333;\">c) o contato do(s) autor(es): incluir endere\u00e7o de e-mail para contato e a afilia\u00e7\u00e3o do autor (institui\u00e7\u00e3o onde est\u00e1 vinculado) em nota de rodap\u00e9.<\/span><\/p>\n<p><span style=\"color: #333333;\">d) o resumo em portugu\u00eas: o resumo deve ser escrito em par\u00e1grafo \u00fanico, preferencialmente na terceira pessoa. Deve ser informativo, descrito com clareza e apresentar, de forma concisa, os objetivos, a metodologia e os resultados alcan\u00e7ados. Sua extens\u00e3o n\u00e3o deve ultrapassar 300 palavras. N\u00e3o deve conter cita\u00e7\u00f5es, e nenhum tipo de ilustra\u00e7\u00e3o.<\/span><\/p>\n<p><span style=\"color: #333333;\">e) as palavras-chave na l\u00edngua do texto (de 3 a 5): deve figurar abaixo do resumo e devem estar separadas entre si por ponto.<\/span><\/p>\n<p><span style=\"color: #333333;\"><strong>Elementos Textuais<\/strong><\/span><\/p>\n<p><span style=\"color: #333333;\">Os elementos textuais compreendem a parte do trabalho em que \u00e9 exposta a mat\u00e9ria.\u00a0A Introdu\u00e7\u00e3o, o Desenvolvimento e as Considera\u00e7\u00f5es Finais s\u00e3o partes obrigat\u00f3rias dos manuscritos.<\/span><\/p>\n<ol type=\"a\">\n<li><span style=\"color: #333333;\">Introdu\u00e7\u00e3o: \u00c9 a parte inicial do artigo na qual devem constar a delimita\u00e7\u00e3o do assunto tratado, os objetivos da pesquisa e outros elementos necess\u00e1rios para situar o tema do artigo.<\/span><\/li>\n<li><span style=\"color: #333333;\">Desenvolvimento: \u00c9 a parte principal do artigo, que cont\u00e9m a exposi\u00e7\u00e3o ordenada e pormenorizada do assunto tratado. Podem se subdividir em t\u00edtulos e subt\u00edtulos.<\/span><\/li>\n<li><span style=\"color: #333333;\">Considera\u00e7\u00f5es Finais: \u00c9 a parte final do artigo na qual se apresentam as considera\u00e7\u00f5es correspondentes aos objetivos e\/ou hip\u00f3teses.<\/span><\/li>\n<li><span style=\"color: #333333;\">As ilustra\u00e7\u00f5es (desenho, esquema, fotografias, gr\u00e1ficos, quadros, figuras), devem ter uma numera\u00e7\u00e3o sequencial, com t\u00edtulo, fonte e data. A ilustra\u00e7\u00e3o deve figurar o mais pr\u00f3ximo poss\u00edvel do texto a que se refere.<\/span><\/li>\n<\/ol>\n<p><span style=\"color: #333333;\"><strong>Elementos P\u00f3s-Textuais<\/strong><\/span><\/p>\n<p><span style=\"color: #333333;\">Os elemento p\u00f3s-textuais complementam o trabalho.<\/span><\/p>\n<ol type=\"a\">\n<li><span style=\"color: #333333;\">As refer\u00eancias bibliogr\u00e1ficas s\u00e3o obrigat\u00f3rias.<\/span><\/li>\n<li><span style=\"color: #333333;\">O mini curr\u00edculo (at\u00e9 dois par\u00e1grafos) que qualifique o(s) autor(es) \u00e9 obrigat\u00f3rio.<\/span><\/li>\n<\/ol>\n","protected":false},"excerpt":{"rendered":"<p>Revista\u00a0Acad\u00eamica Interdisciplinar INESP: Instru\u00e7\u00f5es para o(s) autor(es) &nbsp; A Revista Acad\u00eamica Interdisciplinar INESP \u00e9 um espa\u00e7o para publica\u00e7\u00e3o de artigos t\u00e9cnicos e\/ou cient\u00edficos, entrevistas e resenhas de diversas \u00e1reas. Ser\u00e3o aceitas produ\u00e7\u00f5es\u00a0in\u00e9ditas de profissionais, pesquisadores, docentes e discentes do ensino superior (gradua\u00e7\u00e3o e p\u00f3s-gradua\u00e7\u00e3o) pertencentes, ou n\u00e3o, \u00e0 Faculdade INESP.\u00a0Os manuscritos ser\u00e3o aceitos no idioma &hellip;<\/p>\n<p class=\"read-more\"> <a class=\"\" href=\"https:\/\/www.inesp.edu.br\/revista\/orientacoes-aos-autores\/\"> <span class=\"screen-reader-text\">Orienta\u00e7\u00f5es aos autores<\/span> Leia mais &raquo;<\/a><\/p>\n","protected":false},"author":2,"featured_media":1402,"parent":0,"menu_order":0,"comment_status":"closed","ping_status":"closed","template":"","meta":{"site-sidebar-layout":"default","site-content-layout":"default","ast-global-header-display":"","ast-main-header-display":"","ast-hfb-above-header-display":"","ast-hfb-below-header-display":"","ast-hfb-mobile-header-display":"","site-post-title":"","ast-breadcrumbs-content":"","ast-featured-img":"","footer-sml-layout":"","theme-transparent-header-meta":"default","adv-header-id-meta":"","stick-header-meta":"","header-above-stick-meta":"","header-main-stick-meta":"","header-below-stick-meta":"","footnotes":""},"_links":{"self":[{"href":"https:\/\/www.inesp.edu.br\/revista\/wp-json\/wp\/v2\/pages\/1279"}],"collection":[{"href":"https:\/\/www.inesp.edu.br\/revista\/wp-json\/wp\/v2\/pages"}],"about":[{"href":"https:\/\/www.inesp.edu.br\/revista\/wp-json\/wp\/v2\/types\/page"}],"author":[{"embeddable":true,"href":"https:\/\/www.inesp.edu.br\/revista\/wp-json\/wp\/v2\/users\/2"}],"replies":[{"embeddable":true,"href":"https:\/\/www.inesp.edu.br\/revista\/wp-json\/wp\/v2\/comments?post=1279"}],"version-history":[{"count":18,"href":"https:\/\/www.inesp.edu.br\/revista\/wp-json\/wp\/v2\/pages\/1279\/revisions"}],"predecessor-version":[{"id":1506,"href":"https:\/\/www.inesp.edu.br\/revista\/wp-json\/wp\/v2\/pages\/1279\/revisions\/1506"}],"wp:featuredmedia":[{"embeddable":true,"href":"https:\/\/www.inesp.edu.br\/revista\/wp-json\/wp\/v2\/media\/1402"}],"wp:attachment":[{"href":"https:\/\/www.inesp.edu.br\/revista\/wp-json\/wp\/v2\/media?parent=1279"}],"curies":[{"name":"wp","href":"https:\/\/api.w.org\/{rel}","templated":true}]}}