{"id":1277,"date":"2021-04-01T09:55:04","date_gmt":"2021-04-01T12:55:04","guid":{"rendered":"http:\/\/www.inesp.edu.br\/revista\/?page_id=1277"},"modified":"2025-04-13T00:21:20","modified_gmt":"2025-04-13T03:21:20","slug":"expediente","status":"publish","type":"page","link":"https:\/\/www.inesp.edu.br\/revista\/expediente\/","title":{"rendered":"Expediente"},"content":{"rendered":"<h4><span style=\"color: #333333; font-size: 14pt;\"><strong>REVISTA ACAD\u00caMICA INTERDISCIPLINAR INESP<\/strong><\/span><\/h4>\n<h4><span style=\"color: #333333;\"><span style=\"font-size: 14pt;\"><strong>ISSN:<\/strong> 2763-6542<\/span><\/span><\/h4>\n<p><span style=\"color: #333333;\"><span style=\"font-size: 14pt;\"><strong>Periodicidade:<\/strong><\/span> \u00a0<\/span><span style=\"color: #333333; font-size: 12pt;\">semestral<\/span><\/p>\n<p><span style=\"color: #333333;\"><span style=\"font-size: 14pt;\"><strong>Idioma<\/strong>:<\/span> <span style=\"font-size: 12pt;\">portugu\u00eas<\/span><\/span><\/p>\n<h4><span style=\"font-size: 14pt;\"><strong><span style=\"color: #333333;\">Editor Chefe:<\/span><\/strong><\/span><\/h4>\n<p><span style=\"color: #333333;\">Prof. Esp. Fredy Henrique de Moraes Ribeiro<\/span><\/p>\n<h4><span style=\"font-size: 14pt;\"><strong><span style=\"color: #333333;\">Editora Executiva:<\/span><\/strong><\/span><\/h4>\n<p>Prof. Esp. Elismara Aparecida Perdum<\/p>\n<h4><span style=\"font-size: 14pt;\"><strong><span style=\"color: #333333;\">Conselho Editorial:<\/span><\/strong><\/span><\/h4>\n<p><span style=\"color: #333333;\">Profa. Esp. Adriana Aparecida Henrique de Campos e Prof. Esp. Carlos Ossamu Cardoso Narita<\/span><\/p>\n<h4><span style=\"color: #333333; font-size: 14pt;\"><strong>Editor Diagramador:<\/strong>\u00a0<\/span><\/h4>\n<p><span style=\"color: #333333;\">Prof. Esp. Fredy Henrique de Moraes Ribeiro<\/span><\/p>\n<h4><span style=\"font-size: 14pt;\"><strong><span style=\"color: #333333;\">Revisora:<\/span><\/strong><\/span><\/h4>\n<p><span style=\"color: #333333;\">Profa. Dra. Maria Piedade Teodoro da Silva<\/span><\/p>\n<h4><span style=\"font-size: 14pt;\"><strong><span style=\"color: #333333;\">Autor Corporativo Respons\u00e1vel pela Publica\u00e7\u00e3o:<\/span><\/strong><\/span><\/h4>\n<p>&#8211; IADEB &#8211; MODULO DE EDUCA\u00c7\u00c3O AVAN\u00c7ADA LTDA &#8211; CNPJ: 10.683.786\/0001-42<\/p>\n","protected":false},"excerpt":{"rendered":"<p>REVISTA ACAD\u00caMICA INTERDISCIPLINAR INESP ISSN: 2763-6542 Periodicidade: \u00a0semestral Idioma: portugu\u00eas Editor Chefe: Prof. Esp. Fredy Henrique de Moraes Ribeiro Editora Executiva: Prof. Esp. Elismara Aparecida Perdum Conselho Editorial: Profa. Esp. Adriana Aparecida Henrique de Campos e Prof. Esp. Carlos Ossamu Cardoso Narita Editor Diagramador:\u00a0 Prof. Esp. Fredy Henrique de Moraes Ribeiro Revisora: Profa. Dra. Maria &hellip;<\/p>\n<p class=\"read-more\"> <a class=\"\" href=\"https:\/\/www.inesp.edu.br\/revista\/expediente\/\"> <span class=\"screen-reader-text\">Expediente<\/span> Leia mais &raquo;<\/a><\/p>\n","protected":false},"author":2,"featured_media":1402,"parent":0,"menu_order":0,"comment_status":"closed","ping_status":"closed","template":"","meta":{"site-sidebar-layout":"default","site-content-layout":"default","ast-global-header-display":"","ast-main-header-display":"","ast-hfb-above-header-display":"","ast-hfb-below-header-display":"","ast-hfb-mobile-header-display":"","site-post-title":"","ast-breadcrumbs-content":"","ast-featured-img":"","footer-sml-layout":"","theme-transparent-header-meta":"default","adv-header-id-meta":"","stick-header-meta":"","header-above-stick-meta":"","header-main-stick-meta":"","header-below-stick-meta":"","footnotes":""},"_links":{"self":[{"href":"https:\/\/www.inesp.edu.br\/revista\/wp-json\/wp\/v2\/pages\/1277"}],"collection":[{"href":"https:\/\/www.inesp.edu.br\/revista\/wp-json\/wp\/v2\/pages"}],"about":[{"href":"https:\/\/www.inesp.edu.br\/revista\/wp-json\/wp\/v2\/types\/page"}],"author":[{"embeddable":true,"href":"https:\/\/www.inesp.edu.br\/revista\/wp-json\/wp\/v2\/users\/2"}],"replies":[{"embeddable":true,"href":"https:\/\/www.inesp.edu.br\/revista\/wp-json\/wp\/v2\/comments?post=1277"}],"version-history":[{"count":26,"href":"https:\/\/www.inesp.edu.br\/revista\/wp-json\/wp\/v2\/pages\/1277\/revisions"}],"predecessor-version":[{"id":1622,"href":"https:\/\/www.inesp.edu.br\/revista\/wp-json\/wp\/v2\/pages\/1277\/revisions\/1622"}],"wp:featuredmedia":[{"embeddable":true,"href":"https:\/\/www.inesp.edu.br\/revista\/wp-json\/wp\/v2\/media\/1402"}],"wp:attachment":[{"href":"https:\/\/www.inesp.edu.br\/revista\/wp-json\/wp\/v2\/media?parent=1277"}],"curies":[{"name":"wp","href":"https:\/\/api.w.org\/{rel}","templated":true}]}}